{"id":18,"date":"2025-04-07T09:46:52","date_gmt":"2025-04-07T07:46:52","guid":{"rendered":"https:\/\/risquesproconsulting.com\/?page_id=18"},"modified":"2025-04-07T16:20:33","modified_gmt":"2025-04-07T14:20:33","slug":"qui-suis-je","status":"publish","type":"page","link":"https:\/\/risquesproconsulting.com\/index.php\/qui-suis-je\/","title":{"rendered":"Qui suis je ?"},"content":{"rendered":"\t\t<div data-elementor-type=\"wp-page\" data-elementor-id=\"18\" class=\"elementor elementor-18\">\n\t\t\t\t<div class=\"elementor-element elementor-element-778e5eb e-flex e-con-boxed e-con e-parent\" data-id=\"778e5eb\" data-element_type=\"container\">\n\t\t\t\t\t<div class=\"e-con-inner\">\n\t\t<div class=\"elementor-element elementor-element-1fcc4b4 e-con-full e-flex e-con e-child\" data-id=\"1fcc4b4\" data-element_type=\"container\">\n\t\t\t\t<div class=\"elementor-element elementor-element-c39c09a elementor-widget elementor-widget-image\" data-id=\"c39c09a\" data-element_type=\"widget\" data-widget_type=\"image.default\">\n\t\t\t\t<div class=\"elementor-widget-container\">\n\t\t\t\t\t\t\t\t\t\t\t\t\t\t\t<img fetchpriority=\"high\" decoding=\"async\" width=\"272\" height=\"300\" src=\"https:\/\/risquesproconsulting.com\/wp-content\/uploads\/2025\/04\/veronique-272x300.jpg\" class=\"attachment-medium size-medium wp-image-213\" alt=\"\" srcset=\"https:\/\/risquesproconsulting.com\/wp-content\/uploads\/2025\/04\/veronique-272x300.jpg 272w, https:\/\/risquesproconsulting.com\/wp-content\/uploads\/2025\/04\/veronique-928x1024.jpg 928w, https:\/\/risquesproconsulting.com\/wp-content\/uploads\/2025\/04\/veronique-768x848.jpg 768w, https:\/\/risquesproconsulting.com\/wp-content\/uploads\/2025\/04\/veronique.jpg 1186w\" sizes=\"(max-width: 272px) 100vw, 272px\" \/>\t\t\t\t\t\t\t\t\t\t\t\t\t\t\t<\/div>\n\t\t\t\t<\/div>\n\t\t\t\t<\/div>\n\t\t<div class=\"elementor-element elementor-element-13495af e-con-full e-flex e-con e-child\" data-id=\"13495af\" data-element_type=\"container\">\n\t\t\t\t<div class=\"elementor-element elementor-element-ba5e4d6 elementor-widget elementor-widget-text-editor\" data-id=\"ba5e4d6\" data-element_type=\"widget\" data-widget_type=\"text-editor.default\">\n\t\t\t\t<div class=\"elementor-widget-container\">\n\t\t\t\t\t\t\t\t\t<p>\u00a0<\/p><p>\u00a0<\/p><p>Je m&#8217;appelle BERNARD V\u00e9ronique et je suis Consultante en Sant\u00e9 et S\u00e9curit\u00e9 au travail, fondatrice de Risques Pro Consulting.<\/p><p>J\u2019\u00e9volue dans le domaine des Risques Professionnels depuis plus de quinze ans, et cette discipline continue de me passionner avec la m\u00eame intensit\u00e9. J\u2019ai \u00e0 c\u0153ur d\u2019accompagner les entreprises dans leurs d\u00e9marches de pr\u00e9vention et d\u2019am\u00e9lioration des conditions de travail convaincue que l\u2019humain doit demeurer au centre de toutes nos priorit\u00e9s.<\/p>\t\t\t\t\t\t\t\t<\/div>\n\t\t\t\t<\/div>\n\t\t\t\t<\/div>\n\t\t\t\t\t<\/div>\n\t\t\t\t<\/div>\n\t\t<div class=\"elementor-element elementor-element-0c27347 e-flex e-con-boxed e-con e-parent\" data-id=\"0c27347\" data-element_type=\"container\">\n\t\t\t\t\t<div class=\"e-con-inner\">\n\t\t<div class=\"elementor-element elementor-element-617140d e-con-full e-flex e-con e-child\" data-id=\"617140d\" data-element_type=\"container\">\n\t\t\t\t<div class=\"elementor-element elementor-element-3b001c8 elementor-widget elementor-widget-heading\" data-id=\"3b001c8\" data-element_type=\"widget\" data-widget_type=\"heading.default\">\n\t\t\t\t<div class=\"elementor-widget-container\">\n\t\t\t\t\t<h2 class=\"elementor-heading-title elementor-size-default\">Ce que je sais<\/h2>\t\t\t\t<\/div>\n\t\t\t\t<\/div>\n\t\t\t\t<div class=\"elementor-element elementor-element-7be81a4 elementor-widget elementor-widget-text-editor\" data-id=\"7be81a4\" data-element_type=\"widget\" data-widget_type=\"text-editor.default\">\n\t\t\t\t<div class=\"elementor-widget-container\">\n\t\t\t\t\t\t\t\t\t<p><strong>Mon point fort\u00a0? Avoir \u00e9t\u00e9 des 2 c\u00f4t\u00e9s dans la gestion des dossiers\u00a0AT MP\u00a0!<\/strong><\/p><p>J\u2019ai exerc\u00e9 pendant douze ans au sein de la CPAM en qualit\u00e9 de gestionnaire, r\u00e9f\u00e9rente technique puis enqu\u00eatrice asserment\u00e9e AT MP et de la lutte contre la fraude. Cette exp\u00e9rience m\u2019a permis d\u2019acqu\u00e9rir une ma\u00eetrise approfondie de la l\u00e9gislation en vigueur ainsi que des proc\u00e9dures internes.<br \/>Aujourd\u2019hui, je souhaite mettre cette expertise au service des chefs d\u2019entreprise, des responsables des ressources humaines, des juristes et des administrations, afin de leur offrir un accompagnement optimal dans la gestion de leurs dossiers AT MP. Mon intervention couvre l\u2019ensemble du processus, depuis la phase d\u00e9clarative jusqu\u2019\u00e0 la contestation.<\/p><p>Mon ambition est double : optimiser l\u2019efficacit\u00e9 et l\u2019autonomie des entreprises tout en contribuant \u00e0 d\u00e9sengorger les services Risques Professionnels des CPAM gr\u00e2ce \u00e0 l\u2019am\u00e9lioration de la qualit\u00e9 des dossiers.<\/p><p>J\u2019ai ensuite occup\u00e9 le poste de Responsable Nationale en Sant\u00e9 et S\u00e9curit\u00e9 au Travail au sein d\u2019un grand groupe, o\u00f9 j\u2019avais la responsabilit\u00e9 de d\u00e9ployer la d\u00e9marche de pr\u00e9vention des risques professionnels \u00e0 l\u2019\u00e9chelle nationale et d\u2019am\u00e9liorer sans cesse les conditions de travail. Ce poste a \u00e9t\u00e9 riche d\u2019accompagnements, de d\u00e9fis et de rigueur.<br \/>Je souhaite d\u00e9sormais mettre cette exp\u00e9rience au service des entreprises notamment via des missions de diagnostic, de conseil, d&#8217;accompagnement et<br \/>d&#8217;appui.<\/p><p>Je suis persuad\u00e9e que cette double exp\u00e9rience est pr\u00e9cieuse pour votre entreprise\u00a0car mes domaines d\u2019expertise sont nombreux et vari\u00e9s.<\/p>\t\t\t\t\t\t\t\t<\/div>\n\t\t\t\t<\/div>\n\t\t\t\t<\/div>\n\t\t<div class=\"elementor-element elementor-element-634da21 e-con-full e-flex e-con e-child\" data-id=\"634da21\" data-element_type=\"container\">\n\t\t\t\t<div class=\"elementor-element elementor-element-d147daf elementor-widget elementor-widget-heading\" data-id=\"d147daf\" data-element_type=\"widget\" data-widget_type=\"heading.default\">\n\t\t\t\t<div class=\"elementor-widget-container\">\n\t\t\t\t\t<h2 class=\"elementor-heading-title elementor-size-default\">Ce qui m'anime :<\/h2>\t\t\t\t<\/div>\n\t\t\t\t<\/div>\n\t\t\t\t<div class=\"elementor-element elementor-element-dff2e87 elementor-widget elementor-widget-text-editor\" data-id=\"dff2e87\" data-element_type=\"widget\" data-widget_type=\"text-editor.default\">\n\t\t\t\t<div class=\"elementor-widget-container\">\n\t\t\t\t\t\t\t\t\t<p>Form\u00e9e \u00e0 l\u2019hypnose, la Programmation Neuro Linguistique et la Communication Non Violente, j\u2019interviens toujours avec dynamisme et adapte mon discours quelque soient mes interlocuteurs et le sujet \u00e0 traiter.<\/p><p>Tr\u00e8s ax\u00e9e sur les valeurs humaines, la bienveillance, le partage et le respect, je souhaite vous accompagner afin que vous soyez \u00e0 l\u2019aise, int\u00e9ress\u00e9s et impliqu\u00e9s sur ces sujets importants et que vos salari\u00e9s se sentent en s\u00e9curit\u00e9 et \u00e9panouis au sein de votre entreprise.<\/p><p>N&#8217;h\u00e9sitez pas \u00e0 me contacter pour discuter de la mani\u00e8re dont nous pouvons collaborer afin d\u2019atteindre un objectif commun : faire de la sant\u00e9 et s\u00e9curit\u00e9 au travail notre priorit\u00e9.<\/p>\t\t\t\t\t\t\t\t<\/div>\n\t\t\t\t<\/div>\n\t\t\t\t<div class=\"elementor-element elementor-element-ece300d elementor-widget elementor-widget-image\" data-id=\"ece300d\" data-element_type=\"widget\" data-widget_type=\"image.default\">\n\t\t\t\t<div class=\"elementor-widget-container\">\n\t\t\t\t\t\t\t\t\t\t\t\t\t\t\t<img decoding=\"async\" width=\"300\" height=\"293\" src=\"https:\/\/risquesproconsulting.com\/wp-content\/uploads\/2025\/04\/reunion-300x293.jpg\" class=\"attachment-medium size-medium wp-image-292\" alt=\"\" srcset=\"https:\/\/risquesproconsulting.com\/wp-content\/uploads\/2025\/04\/reunion-300x293.jpg 300w, https:\/\/risquesproconsulting.com\/wp-content\/uploads\/2025\/04\/reunion-768x751.jpg 768w, https:\/\/risquesproconsulting.com\/wp-content\/uploads\/2025\/04\/reunion.jpg 1007w\" sizes=\"(max-width: 300px) 100vw, 300px\" \/>\t\t\t\t\t\t\t\t\t\t\t\t\t\t\t<\/div>\n\t\t\t\t<\/div>\n\t\t\t\t<\/div>\n\t\t\t\t\t<\/div>\n\t\t\t\t<\/div>\n\t\t\t\t<\/div>\n\t\t","protected":false},"excerpt":{"rendered":"<p>\u00a0 \u00a0 Je m&#8217;appelle BERNARD V\u00e9ronique et je suis Consultante en Sant\u00e9 et S\u00e9curit\u00e9 au travail, fondatrice de Risques Pro Consulting. J\u2019\u00e9volue dans le domaine des Risques Professionnels depuis plus de quinze ans, et cette discipline continue de me passionner avec la m\u00eame intensit\u00e9. J\u2019ai \u00e0 c\u0153ur d\u2019accompagner les entreprises dans leurs d\u00e9marches de pr\u00e9vention [&hellip;]<\/p>\n","protected":false},"author":1,"featured_media":0,"parent":0,"menu_order":0,"comment_status":"closed","ping_status":"closed","template":"","meta":{"footnotes":""},"class_list":["post-18","page","type-page","status-publish","hentry"],"_links":{"self":[{"href":"https:\/\/risquesproconsulting.com\/index.php\/wp-json\/wp\/v2\/pages\/18","targetHints":{"allow":["GET"]}}],"collection":[{"href":"https:\/\/risquesproconsulting.com\/index.php\/wp-json\/wp\/v2\/pages"}],"about":[{"href":"https:\/\/risquesproconsulting.com\/index.php\/wp-json\/wp\/v2\/types\/page"}],"author":[{"embeddable":true,"href":"https:\/\/risquesproconsulting.com\/index.php\/wp-json\/wp\/v2\/users\/1"}],"replies":[{"embeddable":true,"href":"https:\/\/risquesproconsulting.com\/index.php\/wp-json\/wp\/v2\/comments?post=18"}],"version-history":[{"count":34,"href":"https:\/\/risquesproconsulting.com\/index.php\/wp-json\/wp\/v2\/pages\/18\/revisions"}],"predecessor-version":[{"id":295,"href":"https:\/\/risquesproconsulting.com\/index.php\/wp-json\/wp\/v2\/pages\/18\/revisions\/295"}],"wp:attachment":[{"href":"https:\/\/risquesproconsulting.com\/index.php\/wp-json\/wp\/v2\/media?parent=18"}],"curies":[{"name":"wp","href":"https:\/\/api.w.org\/{rel}","templated":true}]}}