{"id":22,"date":"2025-04-07T09:47:40","date_gmt":"2025-04-07T07:47:40","guid":{"rendered":"https:\/\/risquesproconsulting.com\/?page_id=22"},"modified":"2025-11-27T12:26:17","modified_gmt":"2025-11-27T11:26:17","slug":"formation-et-sensibilisation","status":"publish","type":"page","link":"https:\/\/risquesproconsulting.com\/index.php\/formation-et-sensibilisation\/","title":{"rendered":"Formation et sensibilisation"},"content":{"rendered":"\t\t<div data-elementor-type=\"wp-page\" data-elementor-id=\"22\" class=\"elementor elementor-22\">\n\t\t\t\t<div class=\"elementor-element elementor-element-1d948be e-flex e-con-boxed e-con e-parent\" data-id=\"1d948be\" data-element_type=\"container\">\n\t\t\t\t\t<div class=\"e-con-inner\">\n\t\t\t\t<div class=\"elementor-element elementor-element-ca405ca elementor-widget elementor-widget-text-editor\" data-id=\"ca405ca\" data-element_type=\"widget\" data-widget_type=\"text-editor.default\">\n\t\t\t\t<div class=\"elementor-widget-container\">\n\t\t\t\t\t\t\t\t\t<p><strong>Et si une ancienne salari\u00e9e de la CPAM devenait votre meilleure alli\u00e9e ? <img decoding=\"async\" class=\"emoji\" role=\"img\" draggable=\"false\" src=\"https:\/\/s.w.org\/images\/core\/emoji\/15.0.3\/svg\/1f609.svg\" alt=\"\ud83d\ude09\" \/>\u00a0<\/strong><\/p>\t\t\t\t\t\t\t\t<\/div>\n\t\t\t\t<\/div>\n\t\t\t\t\t<\/div>\n\t\t\t\t<\/div>\n\t\t<div class=\"elementor-element elementor-element-d63cde2 e-flex e-con-boxed e-con e-parent\" data-id=\"d63cde2\" data-element_type=\"container\">\n\t\t\t\t\t<div class=\"e-con-inner\">\n\t\t\t\t<div class=\"elementor-element elementor-element-d6c7640 elementor-widget elementor-widget-text-editor\" data-id=\"d6c7640\" data-element_type=\"widget\" data-widget_type=\"text-editor.default\">\n\t\t\t\t<div class=\"elementor-widget-container\">\n\t\t\t\t\t\t\t\t\t<p>Mon profil est unique, ce qui rend cette formation unique ! <span style=\"text-decoration: underline;\">J\u2019ai acquis 10 ans de connaissances et d\u2019exp\u00e9riences en l\u00e9gislation des Risques Professionnels<\/span> \u00e0 la<br \/>CPAM, et \u00e7a, <strong>vous ne le trouverez pas ailleurs<\/strong>\u00a0:<\/p><ul><li><strong>Gestionnaire (3 ans)<\/strong> : j\u2019\u00e9tudiais les dossiers AT MP et d\u00e9cidais de leur prise en charge ou non tout en respectant les textes et directives,<\/li><li><strong>R\u00e9f\u00e9rente technique (1 an)<\/strong> : je m\u2019occupais des dossiers complexes (d\u00e9c\u00e8s, amiante, TPS) et formais les nouveaux embauch\u00e9s,<\/li><li><strong>Agent enqu\u00eatrice AT MP Fraude (6 ans)<\/strong> : j\u2019observais les postes de travail \u00e0 l\u2019origine des AT MP et menais des auditions aupr\u00e8s des victimes, employeurs<br \/>et tiers.<\/li><\/ul><p>Ma mission ? Que vous soyez dirigeant, RH, juriste, pr\u00e9venteur, HSE, repr\u00e9sentant du personnel, <strong>cette formation compl\u00e8te et unique vous apportera des connaissances d\u00e9taill\u00e9es sur la l\u00e9gislation des risques professionnels et la gestion des AT MP<\/strong>.<br \/>Je partagerais avec vous tous mes secrets pour que vous puissiez appr\u00e9hender ce sujet sereinement et en toute autonomie.<\/p>\t\t\t\t\t\t\t\t<\/div>\n\t\t\t\t<\/div>\n\t\t\t\t\t<\/div>\n\t\t\t\t<\/div>\n\t\t<div class=\"elementor-element elementor-element-a51581f e-flex e-con-boxed e-con e-parent\" data-id=\"a51581f\" data-element_type=\"container\">\n\t\t\t\t\t<div class=\"e-con-inner\">\n\t\t<div class=\"elementor-element elementor-element-08d4a16 e-con-full e-flex e-con e-child\" data-id=\"08d4a16\" data-element_type=\"container\">\n\t\t\t\t<div class=\"elementor-element elementor-element-0fba983 elementor-widget elementor-widget-image\" data-id=\"0fba983\" data-element_type=\"widget\" data-widget_type=\"image.default\">\n\t\t\t\t<div class=\"elementor-widget-container\">\n\t\t\t\t\t\t\t\t\t\t\t\t\t\t\t<img fetchpriority=\"high\" decoding=\"async\" width=\"300\" height=\"220\" src=\"https:\/\/risquesproconsulting.com\/wp-content\/uploads\/2025\/11\/info-300x220.jpg\" class=\"attachment-medium size-medium wp-image-313\" alt=\"\" srcset=\"https:\/\/risquesproconsulting.com\/wp-content\/uploads\/2025\/11\/info-300x220.jpg 300w, https:\/\/risquesproconsulting.com\/wp-content\/uploads\/2025\/11\/info.jpg 719w\" sizes=\"(max-width: 300px) 100vw, 300px\" \/>\t\t\t\t\t\t\t\t\t\t\t\t\t\t\t<\/div>\n\t\t\t\t<\/div>\n\t\t\t\t<\/div>\n\t\t<div class=\"elementor-element elementor-element-ba7da22 e-con-full e-flex e-con e-child\" data-id=\"ba7da22\" data-element_type=\"container\">\n\t\t\t\t<div class=\"elementor-element elementor-element-5540546 elementor-alert-info elementor-widget elementor-widget-alert\" data-id=\"5540546\" data-element_type=\"widget\" data-widget_type=\"alert.default\">\n\t\t\t\t<div class=\"elementor-widget-container\">\n\t\t\t\t\t\t\t<div class=\"elementor-alert\" role=\"alert\">\n\n\t\t\t\t\t\t<span class=\"elementor-alert-title\">Pour en savoir plus..<\/span>\n\t\t\t\n\t\t\t\t\t\t<span class=\"elementor-alert-description\">Formation disponible en intra-entreprise et inter-entreprise sur devis.\u00a0Pour recevoir le programme de formation et connaitre les dates disponibles contactez moi par t\u00e9l\u00e9phone au 07.66.90.53.79 ou par mail : contact@risquesproconsulting.com<\/span>\n\t\t\t\n\t\t\t\t\t\t<button type=\"button\" class=\"elementor-alert-dismiss\" aria-label=\"Dismiss this alert.\">\n\t\t\t\t\t\t\t\t\t<span aria-hidden=\"true\">&times;<\/span>\n\t\t\t\t\t\t\t<\/button>\n\t\t\t\n\t\t<\/div>\n\t\t\t\t\t\t<\/div>\n\t\t\t\t<\/div>\n\t\t\t\t<\/div>\n\t\t\t\t\t<\/div>\n\t\t\t\t<\/div>\n\t\t<div class=\"elementor-element elementor-element-310ac44 e-flex e-con-boxed e-con e-parent\" data-id=\"310ac44\" data-element_type=\"container\">\n\t\t\t\t\t<div class=\"e-con-inner\">\n\t\t\t\t<div class=\"elementor-element elementor-element-55dd985 elementor-widget elementor-widget-text-editor\" data-id=\"55dd985\" data-element_type=\"widget\" data-widget_type=\"text-editor.default\">\n\t\t\t\t<div class=\"elementor-widget-container\">\n\t\t\t\t\t\t\t\t\t<p>Contenu de la formation\u00a0sur 2 jours\u00a0:<\/p>\t\t\t\t\t\t\t\t<\/div>\n\t\t\t\t<\/div>\n\t\t\t\t\t<\/div>\n\t\t\t\t<\/div>\n\t\t<div class=\"elementor-element elementor-element-1e0324a e-grid e-con-boxed e-con e-parent\" data-id=\"1e0324a\" data-element_type=\"container\">\n\t\t\t\t\t<div class=\"e-con-inner\">\n\t\t<div class=\"elementor-element elementor-element-8458fb9 e-con-full e-flex e-con e-child\" data-id=\"8458fb9\" data-element_type=\"container\">\n\t\t\t\t<div class=\"elementor-element elementor-element-89b5f84 elementor-widget elementor-widget-heading\" data-id=\"89b5f84\" data-element_type=\"widget\" data-widget_type=\"heading.default\">\n\t\t\t\t<div class=\"elementor-widget-container\">\n\t\t\t\t\t<h3 class=\"elementor-heading-title elementor-size-default\">Module 1 : Comprendre l\u2019instruction d\u2019un dossier afin de partir sur des bases solides<\/h3>\t\t\t\t<\/div>\n\t\t\t\t<\/div>\n\t\t\t\t<div class=\"elementor-element elementor-element-459006b elementor-widget elementor-widget-text-editor\" data-id=\"459006b\" data-element_type=\"widget\" data-widget_type=\"text-editor.default\">\n\t\t\t\t<div class=\"elementor-widget-container\">\n\t\t\t\t\t\t\t\t\t<ul><li>Maitriser la l\u00e9gislation des AT MP et ses cas particuliers,<\/li><li>R\u00e9diger des DAT compl\u00e8tes et r\u00e9agir \u00e0 la r\u00e9ception d\u2019une DMP,<\/li><li>R\u00e9diger des r\u00e9serves motiv\u00e9es accept\u00e9es par les CPAM,<\/li><li>Comprendre pourquoi vos r\u00e9serves n\u2019ont pas \u00e9t\u00e9 prises en compte,<\/li><li>Observer et \u00e9tudier la survenance d\u2019un AT,<\/li><li>Comprendre et respecter les d\u00e9lais r\u00e9glementaires,<\/li><li>Etudier des cas concrets et partager son exp\u00e9rience.<\/li><\/ul>\t\t\t\t\t\t\t\t<\/div>\n\t\t\t\t<\/div>\n\t\t\t\t<\/div>\n\t\t<div class=\"elementor-element elementor-element-88f25f1 e-con-full e-flex e-con e-child\" data-id=\"88f25f1\" data-element_type=\"container\">\n\t\t\t\t<div class=\"elementor-element elementor-element-e4d66f5 elementor-widget elementor-widget-heading\" data-id=\"e4d66f5\" data-element_type=\"widget\" data-widget_type=\"heading.default\">\n\t\t\t\t<div class=\"elementor-widget-container\">\n\t\t\t\t\t<h3 class=\"elementor-heading-title elementor-size-default\">Module 2 : \u00catre pr\u00e9cis et efficace lors de la phase contradictoire\u00a0:<\/h3>\t\t\t\t<\/div>\n\t\t\t\t<\/div>\n\t\t\t\t<div class=\"elementor-element elementor-element-3d6955e elementor-widget elementor-widget-text-editor\" data-id=\"3d6955e\" data-element_type=\"widget\" data-widget_type=\"text-editor.default\">\n\t\t\t\t<div class=\"elementor-widget-container\">\n\t\t\t\t\t\t\t\t\t<ul><li>Compl\u00e9ter des questionnaires AT MP avec pr\u00e9cision,<\/li><li>Comprendre les sch\u00e9mas et les mots cl\u00e9s des questionnaires,<\/li><li>R\u00e9pondre objectivement aux questions d\u2019un agent enqu\u00eateur,<\/li><li>Connaitre l\u2019importance de la consultation d\u2019un dossier.<\/li><\/ul>\t\t\t\t\t\t\t\t<\/div>\n\t\t\t\t<\/div>\n\t\t\t\t<\/div>\n\t\t<div class=\"elementor-element elementor-element-3b7ff0c e-con-full e-flex e-con e-child\" data-id=\"3b7ff0c\" data-element_type=\"container\">\n\t\t\t\t<div class=\"elementor-element elementor-element-42cb959 elementor-widget elementor-widget-heading\" data-id=\"42cb959\" data-element_type=\"widget\" data-widget_type=\"heading.default\">\n\t\t\t\t<div class=\"elementor-widget-container\">\n\t\t\t\t\t<h3 class=\"elementor-heading-title elementor-size-default\">Module 3 : Connaitre les suites d\u2019une d\u00e9cision\u00a0:<\/h3>\t\t\t\t<\/div>\n\t\t\t\t<\/div>\n\t\t\t\t<div class=\"elementor-element elementor-element-ecad2fb elementor-widget elementor-widget-text-editor\" data-id=\"ecad2fb\" data-element_type=\"widget\" data-widget_type=\"text-editor.default\">\n\t\t\t\t<div class=\"elementor-widget-container\">\n\t\t\t\t\t\t\t\t\t<ul><li>Contester une d\u00e9cision,<\/li><li>D\u00e9clencher des contr\u00f4les efficaces,<\/li><li>G\u00e9rer les rechutes et nouvelles l\u00e9sions.<\/li><\/ul>\t\t\t\t\t\t\t\t<\/div>\n\t\t\t\t<\/div>\n\t\t\t\t<\/div>\n\t\t<div class=\"elementor-element elementor-element-8942aef e-con-full e-flex e-con e-child\" data-id=\"8942aef\" data-element_type=\"container\">\n\t\t\t\t<div class=\"elementor-element elementor-element-5bf9e42 elementor-widget elementor-widget-heading\" data-id=\"5bf9e42\" data-element_type=\"widget\" data-widget_type=\"heading.default\">\n\t\t\t\t<div class=\"elementor-widget-container\">\n\t\t\t\t\t<h3 class=\"elementor-heading-title elementor-size-default\">Module 4 : <strong>Comprendre les enjeux financiers des AT MP&nbsp;<\/strong>:<\/h3>\t\t\t\t<\/div>\n\t\t\t\t<\/div>\n\t\t\t\t<div class=\"elementor-element elementor-element-40aafbf elementor-widget elementor-widget-text-editor\" data-id=\"40aafbf\" data-element_type=\"widget\" data-widget_type=\"text-editor.default\">\n\t\t\t\t<div class=\"elementor-widget-container\">\n\t\t\t\t\t\t\t\t\t<ul><li>Comprendre le co\u00fbt de vos AT,<\/li><li>Connaitre la tarification selon votre secteur,<\/li><li>Pr\u00e9venir la faute inexcusable de l\u2019employeur,<\/li><li>Mettre en place une d\u00e9marche de pr\u00e9vention des risques efficace.<\/li><\/ul>\t\t\t\t\t\t\t\t<\/div>\n\t\t\t\t<\/div>\n\t\t\t\t<\/div>\n\t\t\t\t\t<\/div>\n\t\t\t\t<\/div>\n\t\t<div class=\"elementor-element elementor-element-2cf7a52 e-flex e-con-boxed e-con e-parent\" data-id=\"2cf7a52\" data-element_type=\"container\">\n\t\t\t\t\t<div class=\"e-con-inner\">\n\t\t\t\t<div class=\"elementor-element elementor-element-18094a5 elementor-widget elementor-widget-text-editor\" data-id=\"18094a5\" data-element_type=\"widget\" data-widget_type=\"text-editor.default\">\n\t\t\t\t<div class=\"elementor-widget-container\">\n\t\t\t\t\t\t\t\t\t<p>Cette formation est un investissement sur le long terme, vite rentabilis\u00e9 lorsque l\u2019on connait le co\u00fbt des AT MP !<\/p><p>N\u2019h\u00e9sitez pas \u00e0 me contacter pour connaitre les modalit\u00e9s et dates disponibles, je me ferais un plaisir de vous renseigner. Vous vous rendrez compte rapidement que je trouve ce sujet passionnant ! (Oui c\u2019est possible )<\/p>\t\t\t\t\t\t\t\t<\/div>\n\t\t\t\t<\/div>\n\t\t\t\t\t<\/div>\n\t\t\t\t<\/div>\n\t\t\t\t<\/div>\n\t\t","protected":false},"excerpt":{"rendered":"<p>Et si une ancienne salari\u00e9e de la CPAM devenait votre meilleure alli\u00e9e ? \u00a0 Mon profil est unique, ce qui rend cette formation unique ! J\u2019ai acquis 10 ans de connaissances et d\u2019exp\u00e9riences en l\u00e9gislation des Risques Professionnels \u00e0 laCPAM, et \u00e7a, vous ne le trouverez pas ailleurs\u00a0: Gestionnaire (3 ans) : j\u2019\u00e9tudiais les dossiers [&hellip;]<\/p>\n","protected":false},"author":1,"featured_media":0,"parent":0,"menu_order":0,"comment_status":"closed","ping_status":"closed","template":"","meta":{"footnotes":""},"class_list":["post-22","page","type-page","status-publish","hentry"],"_links":{"self":[{"href":"https:\/\/risquesproconsulting.com\/index.php\/wp-json\/wp\/v2\/pages\/22","targetHints":{"allow":["GET"]}}],"collection":[{"href":"https:\/\/risquesproconsulting.com\/index.php\/wp-json\/wp\/v2\/pages"}],"about":[{"href":"https:\/\/risquesproconsulting.com\/index.php\/wp-json\/wp\/v2\/types\/page"}],"author":[{"embeddable":true,"href":"https:\/\/risquesproconsulting.com\/index.php\/wp-json\/wp\/v2\/users\/1"}],"replies":[{"embeddable":true,"href":"https:\/\/risquesproconsulting.com\/index.php\/wp-json\/wp\/v2\/comments?post=22"}],"version-history":[{"count":64,"href":"https:\/\/risquesproconsulting.com\/index.php\/wp-json\/wp\/v2\/pages\/22\/revisions"}],"predecessor-version":[{"id":343,"href":"https:\/\/risquesproconsulting.com\/index.php\/wp-json\/wp\/v2\/pages\/22\/revisions\/343"}],"wp:attachment":[{"href":"https:\/\/risquesproconsulting.com\/index.php\/wp-json\/wp\/v2\/media?parent=22"}],"curies":[{"name":"wp","href":"https:\/\/api.w.org\/{rel}","templated":true}]}}