{"id":24,"date":"2025-04-07T09:48:13","date_gmt":"2025-04-07T07:48:13","guid":{"rendered":"https:\/\/risquesproconsulting.com\/?page_id=24"},"modified":"2025-04-25T14:38:37","modified_gmt":"2025-04-25T12:38:37","slug":"accompagnement-et-optimisation-at-mp","status":"publish","type":"page","link":"https:\/\/risquesproconsulting.com\/index.php\/accompagnement-et-optimisation-at-mp\/","title":{"rendered":"Accompagnement et optimisation AT MP"},"content":{"rendered":"\t\t<div data-elementor-type=\"wp-page\" data-elementor-id=\"24\" class=\"elementor elementor-24\">\n\t\t\t\t<div class=\"elementor-element elementor-element-d594efc e-flex e-con-boxed e-con e-parent\" data-id=\"d594efc\" data-element_type=\"container\">\n\t\t\t\t\t<div class=\"e-con-inner\">\n\t\t\t\t<div class=\"elementor-element elementor-element-aafc98c elementor-widget elementor-widget-text-editor\" data-id=\"aafc98c\" data-element_type=\"widget\" data-widget_type=\"text-editor.default\">\n\t\t\t\t<div class=\"elementor-widget-container\">\n\t\t\t\t\t\t\t\t\t<p>Vous souhaitez gagner en comp\u00e9tences et autonomie gr\u00e2ce \u00e0 un accompagnement personnalis\u00e9 ? \ud83d\ude00<\/p>\t\t\t\t\t\t\t\t<\/div>\n\t\t\t\t<\/div>\n\t\t\t\t\t<\/div>\n\t\t\t\t<\/div>\n\t\t<div class=\"elementor-element elementor-element-e2b979c e-flex e-con-boxed e-con e-parent\" data-id=\"e2b979c\" data-element_type=\"container\">\n\t\t\t\t\t<div class=\"e-con-inner\">\n\t\t\t\t<div class=\"elementor-element elementor-element-de03b63 elementor-widget elementor-widget-text-editor\" data-id=\"de03b63\" data-element_type=\"widget\" data-widget_type=\"text-editor.default\">\n\t\t\t\t<div class=\"elementor-widget-container\">\n\t\t\t\t\t\t\t\t\t<p>Gr\u00e2ce \u00e0 mon exp\u00e9rience \u00e0 la CPAM, je saurais en quelques secondes comment r\u00e9agir et agir sur votre dossier AT ou MP.<\/p><p>Ma mission ? Vous accompagner pas \u00e0 pas durant l\u2019int\u00e9gralit\u00e9 de la proc\u00e9dure de vos AT MP. Cela fonctionne pour tous les dossiers et m\u00eame en distanciel.<br \/><strong>Qu\u2019est-ce qu\u2019un accompagnement personnalis\u00e9 en AT MP ?<\/strong><br \/>Prenons un exemple\u00a0!<br \/>Vous recevez une d\u00e9claration de maladie professionnelle Troubles Psycho Sociaux (TPS) pour l\u2019un de vos salari\u00e9s (burn out, d\u00e9pression r\u00e9actionnelle)<br \/>Vous \u00eates perdus, ce qui est normal, vu la complexit\u00e9 du dossier\u00a0!<\/p><ul><li>Comment r\u00e9agir ?<\/li><li>Par o\u00f9 commencer ?<\/li><li>Comment remplir toutes les pages du questionnaire ?<\/li><li>Comment r\u00e9pondre \u00e0 l\u2019agent enqu\u00eateur qui va m\u2019auditionner ?<\/li><\/ul><p>\u00a0<\/p><p><strong>Quand on sait qu\u2019un dossier MP TPS co\u00fbte plus de 150 000\u20ac de cotisations s\u2019il est pris en charge, s\u2019entourer d\u2019une experte, ex salari\u00e9e de la CPAM, va vous permettre de\u00a0gagner<\/strong> :<\/p><ul><li>Du temps,<\/li><li>De l\u2019\u00e9nergie,<\/li><li>Des comp\u00e9tences\u00a0<br \/>&#8211; En vous expliquant la l\u00e9gislation et la proc\u00e9dure \u00e9tape par \u00e9tape\u00a0;<br \/>&#8211; En respectant les d\u00e9lais\u00a0;<br \/>&#8211; En vous aidant \u00e0 remplir les questionnaires avec pr\u00e9cision\u00a0et d\u00e9tails ;<br \/>&#8211; En vous briefant avant votre RDV avec un agent enqu\u00eateur pour que vous puissiez r\u00e9pondre objectivement aux questions (rappelons ici qu\u2019une fausse d\u00e9claration est punie par la loi) ;<br \/>&#8211; En vous aidant \u00e0 \u00e9tayer le dossier de documents obligatoires tels que le Document Unique\u00a0(ou en vous aidant \u00e0 le faire s\u2019il est incomplet);<br \/>&#8211; En consultant le dossier complet \u00e0 la fin de la proc\u00e9dure pour que vous puissiez apporter les derniers \u00e9l\u00e9ments,<br \/>&#8211; En vous expliquant comment contester le dossier si besoin,<\/li><\/ul><p>\u00a0<\/p><p><strong>Je serais pr\u00e9sente \u00e0 chaque \u00e9tape du dossier pour vous guider.<\/strong><br \/>Cet accompagnement vous permettra de monter en comp\u00e9tences et d\u2019am\u00e9liorer la gestion de vos dossiers sur le long terme\u00a0:<br \/>&#8211; Am\u00e9liorer vos D\u00e9clarations d\u2019Accident de Travail (DAT),<br \/>&#8211; R\u00e9agir rapidement \u00e0 la r\u00e9ception d\u2019une D\u00e9claration de Maladie Professionnelle (DMP)<br \/>&#8211; R\u00e9diger des courriers de r\u00e9serves accept\u00e9es par la CPAM,<br \/>&#8211; Analyser avec pr\u00e9cision les postes de travail et situations dangereuses,<br \/>&#8211; Remplir les questionnaires de fa\u00e7on coh\u00e9rente et d\u00e9taill\u00e9e,<br \/>&#8211; Appr\u00e9hender sereinement votre audition avec un enqu\u00eateur de la CPAM,<br \/>&#8211; Comprendre les proc\u00e9dures de contestation.<\/p>\t\t\t\t\t\t\t\t<\/div>\n\t\t\t\t<\/div>\n\t\t\t\t\t<\/div>\n\t\t\t\t<\/div>\n\t\t<div class=\"elementor-element elementor-element-b69c593 e-flex e-con-boxed e-con e-parent\" data-id=\"b69c593\" data-element_type=\"container\">\n\t\t\t\t\t<div class=\"e-con-inner\">\n\t\t\t\t<div class=\"elementor-element elementor-element-149031c elementor-widget elementor-widget-image\" data-id=\"149031c\" data-element_type=\"widget\" data-widget_type=\"image.default\">\n\t\t\t\t<div class=\"elementor-widget-container\">\n\t\t\t\t\t\t\t\t\t\t\t\t\t\t\t<img fetchpriority=\"high\" decoding=\"async\" width=\"768\" height=\"495\" src=\"https:\/\/risquesproconsulting.com\/wp-content\/uploads\/2025\/04\/accompagnement2-768x495.jpg\" class=\"attachment-medium_large size-medium_large wp-image-183\" alt=\"\" srcset=\"https:\/\/risquesproconsulting.com\/wp-content\/uploads\/2025\/04\/accompagnement2-768x495.jpg 768w, https:\/\/risquesproconsulting.com\/wp-content\/uploads\/2025\/04\/accompagnement2-300x193.jpg 300w, https:\/\/risquesproconsulting.com\/wp-content\/uploads\/2025\/04\/accompagnement2-1024x659.jpg 1024w, https:\/\/risquesproconsulting.com\/wp-content\/uploads\/2025\/04\/accompagnement2.jpg 1056w\" sizes=\"(max-width: 768px) 100vw, 768px\" \/>\t\t\t\t\t\t\t\t\t\t\t\t\t\t\t<\/div>\n\t\t\t\t<\/div>\n\t\t\t\t\t<\/div>\n\t\t\t\t<\/div>\n\t\t<div class=\"elementor-element elementor-element-f67fd07 e-flex e-con-boxed e-con e-parent\" data-id=\"f67fd07\" data-element_type=\"container\">\n\t\t\t\t\t<div class=\"e-con-inner\">\n\t\t\t\t<div class=\"elementor-element elementor-element-45a2d01 elementor-widget elementor-widget-text-editor\" data-id=\"45a2d01\" data-element_type=\"widget\" data-widget_type=\"text-editor.default\">\n\t\t\t\t<div class=\"elementor-widget-container\">\n\t\t\t\t\t\t\t\t\t<p><strong>Mon point fort ?<\/strong><\/p><p>Avoir exerc\u00e9 en tant que :<\/p><ul><li><strong>Gestionnaire (3 ans)<\/strong> : j\u2019\u00e9tudiais les dossiers AT MP et d\u00e9cidais de leur prise en charge ou non tout en respectant les textes et directives,<\/li><li><strong>R\u00e9f\u00e9rente technique<\/strong> (1 an) : je m\u2019occupais des dossiers complexes (d\u00e9c\u00e8s, amiante, TPS) et formais les nouveaux embauch\u00e9s,<\/li><li><strong>Agent enqu\u00eatrice AT MP Fraude<\/strong> (6 ans) : j\u2019observais les postes de travail \u00e0 l\u2019origine des AT MP et menais des auditions aupr\u00e8s des victimes, employeurs<br \/>et tiers.<\/li><\/ul>\t\t\t\t\t\t\t\t<\/div>\n\t\t\t\t<\/div>\n\t\t\t\t\t<\/div>\n\t\t\t\t<\/div>\n\t\t\t\t<\/div>\n\t\t","protected":false},"excerpt":{"rendered":"<p>Vous souhaitez gagner en comp\u00e9tences et autonomie gr\u00e2ce \u00e0 un accompagnement personnalis\u00e9 ? \ud83d\ude00 Gr\u00e2ce \u00e0 mon exp\u00e9rience \u00e0 la CPAM, je saurais en quelques secondes comment r\u00e9agir et agir sur votre dossier AT ou MP. Ma mission ? Vous accompagner pas \u00e0 pas durant l\u2019int\u00e9gralit\u00e9 de la proc\u00e9dure de vos AT MP. Cela fonctionne [&hellip;]<\/p>\n","protected":false},"author":1,"featured_media":0,"parent":0,"menu_order":0,"comment_status":"closed","ping_status":"closed","template":"","meta":{"footnotes":""},"class_list":["post-24","page","type-page","status-publish","hentry"],"_links":{"self":[{"href":"https:\/\/risquesproconsulting.com\/index.php\/wp-json\/wp\/v2\/pages\/24","targetHints":{"allow":["GET"]}}],"collection":[{"href":"https:\/\/risquesproconsulting.com\/index.php\/wp-json\/wp\/v2\/pages"}],"about":[{"href":"https:\/\/risquesproconsulting.com\/index.php\/wp-json\/wp\/v2\/types\/page"}],"author":[{"embeddable":true,"href":"https:\/\/risquesproconsulting.com\/index.php\/wp-json\/wp\/v2\/users\/1"}],"replies":[{"embeddable":true,"href":"https:\/\/risquesproconsulting.com\/index.php\/wp-json\/wp\/v2\/comments?post=24"}],"version-history":[{"count":19,"href":"https:\/\/risquesproconsulting.com\/index.php\/wp-json\/wp\/v2\/pages\/24\/revisions"}],"predecessor-version":[{"id":303,"href":"https:\/\/risquesproconsulting.com\/index.php\/wp-json\/wp\/v2\/pages\/24\/revisions\/303"}],"wp:attachment":[{"href":"https:\/\/risquesproconsulting.com\/index.php\/wp-json\/wp\/v2\/media?parent=24"}],"curies":[{"name":"wp","href":"https:\/\/api.w.org\/{rel}","templated":true}]}}