{"id":26,"date":"2025-04-07T09:48:38","date_gmt":"2025-04-07T07:48:38","guid":{"rendered":"https:\/\/risquesproconsulting.com\/?page_id=26"},"modified":"2025-04-07T14:48:04","modified_gmt":"2025-04-07T12:48:04","slug":"conseils-et-strategie","status":"publish","type":"page","link":"https:\/\/risquesproconsulting.com\/index.php\/conseils-et-strategie\/","title":{"rendered":"Conseils et strat\u00e9gie"},"content":{"rendered":"\t\t<div data-elementor-type=\"wp-page\" data-elementor-id=\"26\" class=\"elementor elementor-26\">\n\t\t\t\t<div class=\"elementor-element elementor-element-56f246b e-flex e-con-boxed e-con e-parent\" data-id=\"56f246b\" data-element_type=\"container\">\n\t\t\t\t\t<div class=\"e-con-inner\">\n\t\t\t\t<div class=\"elementor-element elementor-element-052c9b7 elementor-widget elementor-widget-text-editor\" data-id=\"052c9b7\" data-element_type=\"widget\" data-widget_type=\"text-editor.default\">\n\t\t\t\t<div class=\"elementor-widget-container\">\n\t\t\t\t\t\t\t\t\t<p>Construisons ensemble une politique de pr\u00e9vention rigoureuse et efficiente, parfaitement adapt\u00e9e aux sp\u00e9cificit\u00e9s de votre secteur d\u2019activit\u00e9.\ud83d\udd75<\/p>\t\t\t\t\t\t\t\t<\/div>\n\t\t\t\t<\/div>\n\t\t\t\t\t<\/div>\n\t\t\t\t<\/div>\n\t\t<div class=\"elementor-element elementor-element-051c429 e-flex e-con-boxed e-con e-parent\" data-id=\"051c429\" data-element_type=\"container\">\n\t\t\t\t\t<div class=\"e-con-inner\">\n\t\t\t\t<div class=\"elementor-element elementor-element-445ed75 elementor-widget elementor-widget-text-editor\" data-id=\"445ed75\" data-element_type=\"widget\" data-widget_type=\"text-editor.default\">\n\t\t\t\t<div class=\"elementor-widget-container\">\n\t\t\t\t\t\t\t\t\t<p>Ma mission ? Audits, conseils, accompagnements et formations en sant\u00e9 et s\u00e9curit\u00e9 au travail.\u00a0<\/p><ul><li>Audits et checklist s\u00e9curit\u00e9 afin d\u2019\u00e9valuer les risques pr\u00e9sents sur vos sites,<\/li><li>Cr\u00e9ation de documents uniques d\u2019\u00e9valuation des risques professionnels<br \/>(DUERP),<\/li><li>Cr\u00e9ation et suivi du programme annuel de pr\u00e9vention des risques<br \/>professionnels et d&#8217;am\u00e9lioration des conditions de travail (PAPRIPACT),<\/li><li>Proposition et mise en \u0153uvre de votre d\u00e9marche de pr\u00e9vention des risques professionnels,<\/li><li>Analyse des AT,<\/li><li>R\u00e9alisation d\u2019affichages et communications,<\/li><li>Animation des formations en interne, 1\/4h s\u00e9curit\u00e9,<\/li><li>Journ\u00e9e s\u00e9curit\u00e9 construite sur mesure selon vos besoins<\/li><\/ul>\t\t\t\t\t\t\t\t<\/div>\n\t\t\t\t<\/div>\n\t\t\t\t\t<\/div>\n\t\t\t\t<\/div>\n\t\t<div class=\"elementor-element elementor-element-6db8463 e-flex e-con-boxed e-con e-parent\" data-id=\"6db8463\" data-element_type=\"container\">\n\t\t\t\t\t<div class=\"e-con-inner\">\n\t\t\t\t<div class=\"elementor-element elementor-element-fdf318b elementor-widget elementor-widget-image\" data-id=\"fdf318b\" data-element_type=\"widget\" data-widget_type=\"image.default\">\n\t\t\t\t<div class=\"elementor-widget-container\">\n\t\t\t\t\t\t\t\t\t\t\t\t\t\t\t<img fetchpriority=\"high\" decoding=\"async\" width=\"768\" height=\"558\" src=\"https:\/\/risquesproconsulting.com\/wp-content\/uploads\/2025\/04\/mision-768x558.jpg\" class=\"attachment-medium_large size-medium_large wp-image-191\" alt=\"\" srcset=\"https:\/\/risquesproconsulting.com\/wp-content\/uploads\/2025\/04\/mision-768x558.jpg 768w, https:\/\/risquesproconsulting.com\/wp-content\/uploads\/2025\/04\/mision-300x218.jpg 300w, https:\/\/risquesproconsulting.com\/wp-content\/uploads\/2025\/04\/mision-1024x744.jpg 1024w, https:\/\/risquesproconsulting.com\/wp-content\/uploads\/2025\/04\/mision.jpg 1057w\" sizes=\"(max-width: 768px) 100vw, 768px\" \/>\t\t\t\t\t\t\t\t\t\t\t\t\t\t\t<\/div>\n\t\t\t\t<\/div>\n\t\t\t\t\t<\/div>\n\t\t\t\t<\/div>\n\t\t<div class=\"elementor-element elementor-element-6f8c6f4 e-flex e-con-boxed e-con e-parent\" data-id=\"6f8c6f4\" data-element_type=\"container\">\n\t\t\t\t\t<div class=\"e-con-inner\">\n\t\t\t\t<div class=\"elementor-element elementor-element-b97a9a3 elementor-widget elementor-widget-text-editor\" data-id=\"b97a9a3\" data-element_type=\"widget\" data-widget_type=\"text-editor.default\">\n\t\t\t\t<div class=\"elementor-widget-container\">\n\t\t\t\t\t\t\t\t\t<p><strong>Mon point fort\u00a0?<\/strong><\/p><p>Avoir exerc\u00e9 la fonction de Responsable Nationale en Sant\u00e9 et S\u00e9curit\u00e9 au Travail au sein d\u2019un grand groupe m\u2019a permis de d\u00e9velopper une expertise approfondie en mati\u00e8re de pr\u00e9vention des risques professionnels et d\u2019am\u00e9lioration des conditions de travail.<\/p>\t\t\t\t\t\t\t\t<\/div>\n\t\t\t\t<\/div>\n\t\t\t\t\t<\/div>\n\t\t\t\t<\/div>\n\t\t\t\t<\/div>\n\t\t","protected":false},"excerpt":{"rendered":"<p>Construisons ensemble une politique de pr\u00e9vention rigoureuse et efficiente, parfaitement adapt\u00e9e aux sp\u00e9cificit\u00e9s de votre secteur d\u2019activit\u00e9.\ud83d\udd75 Ma mission ? Audits, conseils, accompagnements et formations en sant\u00e9 et s\u00e9curit\u00e9 au travail.\u00a0 Audits et checklist s\u00e9curit\u00e9 afin d\u2019\u00e9valuer les risques pr\u00e9sents sur vos sites, Cr\u00e9ation de documents uniques d\u2019\u00e9valuation des risques professionnels(DUERP), Cr\u00e9ation et suivi du [&hellip;]<\/p>\n","protected":false},"author":1,"featured_media":0,"parent":0,"menu_order":0,"comment_status":"closed","ping_status":"closed","template":"","meta":{"footnotes":""},"class_list":["post-26","page","type-page","status-publish","hentry"],"_links":{"self":[{"href":"https:\/\/risquesproconsulting.com\/index.php\/wp-json\/wp\/v2\/pages\/26","targetHints":{"allow":["GET"]}}],"collection":[{"href":"https:\/\/risquesproconsulting.com\/index.php\/wp-json\/wp\/v2\/pages"}],"about":[{"href":"https:\/\/risquesproconsulting.com\/index.php\/wp-json\/wp\/v2\/types\/page"}],"author":[{"embeddable":true,"href":"https:\/\/risquesproconsulting.com\/index.php\/wp-json\/wp\/v2\/users\/1"}],"replies":[{"embeddable":true,"href":"https:\/\/risquesproconsulting.com\/index.php\/wp-json\/wp\/v2\/comments?post=26"}],"version-history":[{"count":10,"href":"https:\/\/risquesproconsulting.com\/index.php\/wp-json\/wp\/v2\/pages\/26\/revisions"}],"predecessor-version":[{"id":203,"href":"https:\/\/risquesproconsulting.com\/index.php\/wp-json\/wp\/v2\/pages\/26\/revisions\/203"}],"wp:attachment":[{"href":"https:\/\/risquesproconsulting.com\/index.php\/wp-json\/wp\/v2\/media?parent=26"}],"curies":[{"name":"wp","href":"https:\/\/api.w.org\/{rel}","templated":true}]}}