{"id":7,"date":"2025-03-03T18:20:14","date_gmt":"2025-03-03T17:20:14","guid":{"rendered":"https:\/\/risquesproconsulting.com\/?page_id=7"},"modified":"2025-04-25T14:23:35","modified_gmt":"2025-04-25T12:23:35","slug":"accueil","status":"publish","type":"page","link":"https:\/\/risquesproconsulting.com\/","title":{"rendered":"Accueil"},"content":{"rendered":"\t\t<div data-elementor-type=\"wp-page\" data-elementor-id=\"7\" class=\"elementor elementor-7\">\n\t\t\t\t<div class=\"elementor-element elementor-element-1bdcb1f e-flex e-con-boxed e-con e-parent\" data-id=\"1bdcb1f\" data-element_type=\"container\">\n\t\t\t\t\t<div class=\"e-con-inner\">\n\t\t\t\t<div class=\"elementor-element elementor-element-056ed64 elementor-widget elementor-widget-image\" data-id=\"056ed64\" data-element_type=\"widget\" data-widget_type=\"image.default\">\n\t\t\t\t<div class=\"elementor-widget-container\">\n\t\t\t\t\t\t\t\t\t\t\t\t\t\t\t<img fetchpriority=\"high\" decoding=\"async\" width=\"800\" height=\"473\" src=\"https:\/\/risquesproconsulting.com\/wp-content\/uploads\/2025\/04\/risquespro-1024x606.jpg\" class=\"attachment-large size-large wp-image-64\" alt=\"\" srcset=\"https:\/\/risquesproconsulting.com\/wp-content\/uploads\/2025\/04\/risquespro-1024x606.jpg 1024w, https:\/\/risquesproconsulting.com\/wp-content\/uploads\/2025\/04\/risquespro-300x177.jpg 300w, https:\/\/risquesproconsulting.com\/wp-content\/uploads\/2025\/04\/risquespro-768x454.jpg 768w, https:\/\/risquesproconsulting.com\/wp-content\/uploads\/2025\/04\/risquespro-1536x908.jpg 1536w, https:\/\/risquesproconsulting.com\/wp-content\/uploads\/2025\/04\/risquespro-2048x1211.jpg 2048w\" sizes=\"(max-width: 800px) 100vw, 800px\" \/>\t\t\t\t\t\t\t\t\t\t\t\t\t\t\t<\/div>\n\t\t\t\t<\/div>\n\t\t\t\t\t<\/div>\n\t\t\t\t<\/div>\n\t\t<div class=\"elementor-element elementor-element-9fdf817 e-flex e-con-boxed e-con e-parent\" data-id=\"9fdf817\" data-element_type=\"container\">\n\t\t\t\t\t<div class=\"e-con-inner\">\n\t\t\t\t<div class=\"elementor-element elementor-element-ef5aad4 elementor-widget elementor-widget-heading\" data-id=\"ef5aad4\" data-element_type=\"widget\" data-widget_type=\"heading.default\">\n\t\t\t\t<div class=\"elementor-widget-container\">\n\t\t\t\t\t<h2 class=\"elementor-heading-title elementor-size-default\">Pr\u00e9venir, prot\u00e9ger, performer : ensemble pour un travail en toute s\u00e9curit\u00e9.<\/h2>\t\t\t\t<\/div>\n\t\t\t\t<\/div>\n\t\t\t\t\t<\/div>\n\t\t\t\t<\/div>\n\t\t<div class=\"elementor-element elementor-element-38494df e-flex e-con-boxed e-con e-parent\" data-id=\"38494df\" data-element_type=\"container\">\n\t\t\t\t\t<div class=\"e-con-inner\">\n\t\t\t\t<div class=\"elementor-element elementor-element-9ea70ab elementor-widget elementor-widget-text-editor\" data-id=\"9ea70ab\" data-element_type=\"widget\" data-widget_type=\"text-editor.default\">\n\t\t\t\t<div class=\"elementor-widget-container\">\n\t\t\t\t\t\t\t\t\t<p>Je suis BERNARD V\u00e9ronique, consultante et formatrice en sant\u00e9 et s\u00e9curit\u00e9 au travail, fondatrice de Risques Pro Consulting. J\u2019accompagne, avec passion et enthousiasme, les entreprises dans la pr\u00e9vention des risques professionnels et l\u2019am\u00e9lioration de la Qualit\u00e9 de Vie et des conditions de travail. <strong>Votre s\u00e9curit\u00e9 est ma priorit\u00e9<\/strong>.<\/p><p>Pourquoi la pr\u00e9vention des risques professionnels est-elle essentielle ?<br \/>La pr\u00e9vention des risques professionnels est un levier essentiel pour assurer le bien- \u00eatre des collaborateurs et la performance de votre entreprise. Un environnement de travail sain et s\u00e9curis\u00e9 r\u00e9duit l\u2019absent\u00e9isme, am\u00e9liore la Qualit\u00e9 de Vie au Travail et renforce votre engagement social aupr\u00e8s de vos \u00e9quipes.<br \/>Quelle que soit la taille de votre entreprise, votre secteur d\u2019activit\u00e9 ou votre niveau de connaissance en mati\u00e8re de pr\u00e9vention, les obligations r\u00e9glementaires sont nombreuses et complexes. Il n\u2019est pas rare de se sentir d\u00e9muni face \u00e0 la mise en place d\u2019une d\u00e9marche de pr\u00e9vention des risques.<\/p><p>C\u2019est dans cette optique que Risques Pro Consulting vous accompagne, en fonction de vos besoins, \u00e0 votre rythme, avec bienveillance et exigence, afin de vous garantir un soutien efficace et adapt\u00e9.<\/p>\t\t\t\t\t\t\t\t<\/div>\n\t\t\t\t<\/div>\n\t\t\t\t\t<\/div>\n\t\t\t\t<\/div>\n\t\t<div class=\"elementor-element elementor-element-74e9b84 e-flex e-con-boxed e-con e-parent\" data-id=\"74e9b84\" data-element_type=\"container\">\n\t\t\t\t\t<div class=\"e-con-inner\">\n\t\t<div class=\"elementor-element elementor-element-67441c8 e-con-full e-flex e-con e-child\" data-id=\"67441c8\" data-element_type=\"container\">\n\t\t\t\t<div class=\"elementor-element elementor-element-a8ed025 elementor-view-default elementor-widget elementor-widget-icon\" data-id=\"a8ed025\" data-element_type=\"widget\" data-widget_type=\"icon.default\">\n\t\t\t\t<div class=\"elementor-widget-container\">\n\t\t\t\t\t\t\t<div class=\"elementor-icon-wrapper\">\n\t\t\t<a class=\"elementor-icon\" href=\"https:\/\/risquesproconsulting.com\/index.php\/formation-et-sensibilisation\/\">\n\t\t\t<svg aria-hidden=\"true\" class=\"e-font-icon-svg e-fas-book-medical\" viewBox=\"0 0 448 512\" xmlns=\"http:\/\/www.w3.org\/2000\/svg\"><path d=\"M448 358.4V25.6c0-16-9.6-25.6-25.6-25.6H96C41.6 0 0 41.6 0 96v320c0 54.4 41.6 96 96 96h326.4c12.8 0 25.6-9.6 25.6-25.6v-16q0-9.6-9.6-19.2c-3.2-16-3.2-60.8 0-73.6q9.6-4.8 9.6-19.2zM144 168a8 8 0 0 1 8-8h56v-56a8 8 0 0 1 8-8h48a8 8 0 0 1 8 8v56h56a8 8 0 0 1 8 8v48a8 8 0 0 1-8 8h-56v56a8 8 0 0 1-8 8h-48a8 8 0 0 1-8-8v-56h-56a8 8 0 0 1-8-8zm236.8 280H96c-19.2 0-32-12.8-32-32s16-32 32-32h284.8z\"><\/path><\/svg>\t\t\t<\/a>\n\t\t<\/div>\n\t\t\t\t\t\t<\/div>\n\t\t\t\t<\/div>\n\t\t\t\t<div class=\"elementor-element elementor-element-d8557f0 elementor-widget elementor-widget-heading\" data-id=\"d8557f0\" data-element_type=\"widget\" data-widget_type=\"heading.default\">\n\t\t\t\t<div class=\"elementor-widget-container\">\n\t\t\t\t\t<h2 class=\"elementor-heading-title elementor-size-default\"><a href=\"https:\/\/risquesproconsulting.com\/index.php\/formation-et-sensibilisation\/\">Formation & Sensibilisation<\/a><\/h2>\t\t\t\t<\/div>\n\t\t\t\t<\/div>\n\t\t\t\t<\/div>\n\t\t<div class=\"elementor-element elementor-element-9145f36 e-con-full e-flex e-con e-child\" data-id=\"9145f36\" data-element_type=\"container\">\n\t\t\t\t<div class=\"elementor-element elementor-element-2543299 elementor-view-default elementor-widget elementor-widget-icon\" data-id=\"2543299\" data-element_type=\"widget\" data-widget_type=\"icon.default\">\n\t\t\t\t<div class=\"elementor-widget-container\">\n\t\t\t\t\t\t\t<div class=\"elementor-icon-wrapper\">\n\t\t\t<a class=\"elementor-icon\" href=\"https:\/\/risquesproconsulting.com\/index.php\/accompagnement-et-optimisation-at-mp\/\">\n\t\t\t<svg aria-hidden=\"true\" class=\"e-font-icon-svg e-fas-chart-line\" viewBox=\"0 0 512 512\" xmlns=\"http:\/\/www.w3.org\/2000\/svg\"><path d=\"M496 384H64V80c0-8.84-7.16-16-16-16H16C7.16 64 0 71.16 0 80v336c0 17.67 14.33 32 32 32h464c8.84 0 16-7.16 16-16v-32c0-8.84-7.16-16-16-16zM464 96H345.94c-21.38 0-32.09 25.85-16.97 40.97l32.4 32.4L288 242.75l-73.37-73.37c-12.5-12.5-32.76-12.5-45.25 0l-68.69 68.69c-6.25 6.25-6.25 16.38 0 22.63l22.62 22.62c6.25 6.25 16.38 6.25 22.63 0L192 237.25l73.37 73.37c12.5 12.5 32.76 12.5 45.25 0l96-96 32.4 32.4c15.12 15.12 40.97 4.41 40.97-16.97V112c.01-8.84-7.15-16-15.99-16z\"><\/path><\/svg>\t\t\t<\/a>\n\t\t<\/div>\n\t\t\t\t\t\t<\/div>\n\t\t\t\t<\/div>\n\t\t\t\t<div class=\"elementor-element elementor-element-b151207 elementor-widget elementor-widget-heading\" data-id=\"b151207\" data-element_type=\"widget\" data-widget_type=\"heading.default\">\n\t\t\t\t<div class=\"elementor-widget-container\">\n\t\t\t\t\t<h2 class=\"elementor-heading-title elementor-size-default\"><a href=\"https:\/\/risquesproconsulting.com\/index.php\/accompagnement-et-optimisation-at-mp\/\">Accompagnement et optimisation AT MP<\/a><\/h2>\t\t\t\t<\/div>\n\t\t\t\t<\/div>\n\t\t\t\t<\/div>\n\t\t<div class=\"elementor-element elementor-element-43d7c6a e-con-full e-flex e-con e-child\" data-id=\"43d7c6a\" data-element_type=\"container\">\n\t\t\t\t<div class=\"elementor-element elementor-element-ee0b7f5 elementor-view-default elementor-widget elementor-widget-icon\" data-id=\"ee0b7f5\" data-element_type=\"widget\" data-widget_type=\"icon.default\">\n\t\t\t\t<div class=\"elementor-widget-container\">\n\t\t\t\t\t\t\t<div class=\"elementor-icon-wrapper\">\n\t\t\t<a class=\"elementor-icon\" href=\"https:\/\/risquesproconsulting.com\/index.php\/conseils-et-strategie\/\">\n\t\t\t<svg aria-hidden=\"true\" class=\"e-font-icon-svg e-far-handshake\" viewBox=\"0 0 640 512\" xmlns=\"http:\/\/www.w3.org\/2000\/svg\"><path d=\"M519.2 127.9l-47.6-47.6A56.252 56.252 0 0 0 432 64H205.2c-14.8 0-29.1 5.9-39.6 16.3L118 127.9H0v255.7h64c17.6 0 31.8-14.2 31.9-31.7h9.1l84.6 76.4c30.9 25.1 73.8 25.7 105.6 3.8 12.5 10.8 26 15.9 41.1 15.9 18.2 0 35.3-7.4 48.8-24 22.1 8.7 48.2 2.6 64-16.8l26.2-32.3c5.6-6.9 9.1-14.8 10.9-23h57.9c.1 17.5 14.4 31.7 31.9 31.7h64V127.9H519.2zM48 351.6c-8.8 0-16-7.2-16-16s7.2-16 16-16 16 7.2 16 16c0 8.9-7.2 16-16 16zm390-6.9l-26.1 32.2c-2.8 3.4-7.8 4-11.3 1.2l-23.9-19.4-30 36.5c-6 7.3-15 4.8-18 2.4l-36.8-31.5-15.6 19.2c-13.9 17.1-39.2 19.7-55.3 6.6l-97.3-88H96V175.8h41.9l61.7-61.6c2-.8 3.7-1.5 5.7-2.3H262l-38.7 35.5c-29.4 26.9-31.1 72.3-4.4 101.3 14.8 16.2 61.2 41.2 101.5 4.4l8.2-7.5 108.2 87.8c3.4 2.8 3.9 7.9 1.2 11.3zm106-40.8h-69.2c-2.3-2.8-4.9-5.4-7.7-7.7l-102.7-83.4 12.5-11.4c6.5-6 7-16.1 1-22.6L367 167.1c-6-6.5-16.1-6.9-22.6-1l-55.2 50.6c-9.5 8.7-25.7 9.4-34.6 0-9.3-9.9-8.5-25.1 1.2-33.9l65.6-60.1c7.4-6.8 17-10.5 27-10.5l83.7-.2c2.1 0 4.1.8 5.5 2.3l61.7 61.6H544v128zm48 47.7c-8.8 0-16-7.2-16-16s7.2-16 16-16 16 7.2 16 16c0 8.9-7.2 16-16 16z\"><\/path><\/svg>\t\t\t<\/a>\n\t\t<\/div>\n\t\t\t\t\t\t<\/div>\n\t\t\t\t<\/div>\n\t\t\t\t<div class=\"elementor-element elementor-element-0292841 elementor-widget elementor-widget-heading\" data-id=\"0292841\" data-element_type=\"widget\" data-widget_type=\"heading.default\">\n\t\t\t\t<div class=\"elementor-widget-container\">\n\t\t\t\t\t<h2 class=\"elementor-heading-title elementor-size-default\"><a href=\"https:\/\/risquesproconsulting.com\/index.php\/conseils-et-strategie\/\">Conseil &amp; Strat\u00e9gie<\/a><\/h2>\t\t\t\t<\/div>\n\t\t\t\t<\/div>\n\t\t\t\t<\/div>\n\t\t<div class=\"elementor-element elementor-element-28e1dbf e-con-full e-flex e-con e-child\" data-id=\"28e1dbf\" data-element_type=\"container\">\n\t\t\t\t<div class=\"elementor-element elementor-element-e773b5c elementor-view-default elementor-widget elementor-widget-icon\" data-id=\"e773b5c\" data-element_type=\"widget\" data-widget_type=\"icon.default\">\n\t\t\t\t<div class=\"elementor-widget-container\">\n\t\t\t\t\t\t\t<div class=\"elementor-icon-wrapper\">\n\t\t\t<a class=\"elementor-icon\" href=\"https:\/\/risquesproconsulting.com\/index.php\/bilan-de-competences\/\">\n\t\t\t<svg aria-hidden=\"true\" class=\"e-font-icon-svg e-fas-star\" viewBox=\"0 0 576 512\" xmlns=\"http:\/\/www.w3.org\/2000\/svg\"><path d=\"M259.3 17.8L194 150.2 47.9 171.5c-26.2 3.8-36.7 36.1-17.7 54.6l105.7 103-25 145.5c-4.5 26.3 23.2 46 46.4 33.7L288 439.6l130.7 68.7c23.2 12.2 50.9-7.4 46.4-33.7l-25-145.5 105.7-103c19-18.5 8.5-50.8-17.7-54.6L382 150.2 316.7 17.8c-11.7-23.6-45.6-23.9-57.4 0z\"><\/path><\/svg>\t\t\t<\/a>\n\t\t<\/div>\n\t\t\t\t\t\t<\/div>\n\t\t\t\t<\/div>\n\t\t\t\t<div class=\"elementor-element elementor-element-d91346e elementor-widget elementor-widget-heading\" data-id=\"d91346e\" data-element_type=\"widget\" data-widget_type=\"heading.default\">\n\t\t\t\t<div class=\"elementor-widget-container\">\n\t\t\t\t\t<h2 class=\"elementor-heading-title elementor-size-default\"><a href=\"https:\/\/risquesproconsulting.com\/index.php\/bilan-de-competences\/\">Bilan de comp\u00e9tences<\/a><\/h2>\t\t\t\t<\/div>\n\t\t\t\t<\/div>\n\t\t\t\t<\/div>\n\t\t\t\t\t<\/div>\n\t\t\t\t<\/div>\n\t\t<div class=\"elementor-element elementor-element-1f509a8 e-flex e-con-boxed e-con e-parent\" data-id=\"1f509a8\" data-element_type=\"container\">\n\t\t\t\t\t<div class=\"e-con-inner\">\n\t\t\t\t<div class=\"elementor-element elementor-element-bec20c4 elementor-widget elementor-widget-text-editor\" data-id=\"bec20c4\" data-element_type=\"widget\" data-widget_type=\"text-editor.default\">\n\t\t\t\t<div class=\"elementor-widget-container\">\n\t\t\t\t\t\t\t\t\t<p>\u00c9changeons sur vos besoins afin d\u2019identifier, ensemble, les solutions les plus adapt\u00e9es \u00e0 votre activit\u00e9, et ainsi cr\u00e9er un environnement de travail plus s\u00fbr.<br \/>Contactez-moi d\u00e8s aujourd\u2019hui pour un premier \u00e9change :<\/p>\t\t\t\t\t\t\t\t<\/div>\n\t\t\t\t<\/div>\n\t\t\t\t\t<\/div>\n\t\t\t\t<\/div>\n\t\t\t\t<\/div>\n\t\t","protected":false},"excerpt":{"rendered":"<p>Pr\u00e9venir, prot\u00e9ger, performer : ensemble pour un travail en toute s\u00e9curit\u00e9. Je suis BERNARD V\u00e9ronique, consultante et formatrice en sant\u00e9 et s\u00e9curit\u00e9 au travail, fondatrice de Risques Pro Consulting. J\u2019accompagne, avec passion et enthousiasme, les entreprises dans la pr\u00e9vention des risques professionnels et l\u2019am\u00e9lioration de la Qualit\u00e9 de Vie et des conditions de travail. Votre [&hellip;]<\/p>\n","protected":false},"author":1,"featured_media":0,"parent":0,"menu_order":0,"comment_status":"closed","ping_status":"closed","template":"","meta":{"footnotes":""},"class_list":["post-7","page","type-page","status-publish","hentry"],"_links":{"self":[{"href":"https:\/\/risquesproconsulting.com\/index.php\/wp-json\/wp\/v2\/pages\/7","targetHints":{"allow":["GET"]}}],"collection":[{"href":"https:\/\/risquesproconsulting.com\/index.php\/wp-json\/wp\/v2\/pages"}],"about":[{"href":"https:\/\/risquesproconsulting.com\/index.php\/wp-json\/wp\/v2\/types\/page"}],"author":[{"embeddable":true,"href":"https:\/\/risquesproconsulting.com\/index.php\/wp-json\/wp\/v2\/users\/1"}],"replies":[{"embeddable":true,"href":"https:\/\/risquesproconsulting.com\/index.php\/wp-json\/wp\/v2\/comments?post=7"}],"version-history":[{"count":67,"href":"https:\/\/risquesproconsulting.com\/index.php\/wp-json\/wp\/v2\/pages\/7\/revisions"}],"predecessor-version":[{"id":299,"href":"https:\/\/risquesproconsulting.com\/index.php\/wp-json\/wp\/v2\/pages\/7\/revisions\/299"}],"wp:attachment":[{"href":"https:\/\/risquesproconsulting.com\/index.php\/wp-json\/wp\/v2\/media?parent=7"}],"curies":[{"name":"wp","href":"https:\/\/api.w.org\/{rel}","templated":true}]}}